{"id":2091,"date":"2023-11-07T22:01:29","date_gmt":"2023-11-07T21:01:29","guid":{"rendered":"https:\/\/www.k2outdoor-annecy.com\/?page_id=2091"},"modified":"2023-11-07T22:02:46","modified_gmt":"2023-11-07T21:02:46","slug":"bons-cadeaux","status":"publish","type":"page","link":"https:\/\/www.k2outdoor-annecy.com\/en\/bons-cadeaux\/","title":{"rendered":"Bons cadeaux"},"content":{"rendered":"\t\t<div data-elementor-type=\"wp-post\" data-elementor-id=\"2091\" class=\"elementor elementor-2091\" data-elementor-post-type=\"page\">\n\t\t\t\t\t\t<section class=\"elementor-section elementor-top-section elementor-element elementor-element-1be9 elementor-section-boxed elementor-section-height-default elementor-section-height-default\" data-id=\"1be9\" data-element_type=\"section\" data-e-type=\"section\" data-settings=\"{&quot;background_background&quot;:&quot;classic&quot;,&quot;jet_parallax_layout_list&quot;:[{&quot;jet_parallax_layout_speed&quot;:{&quot;unit&quot;:&quot;%&quot;,&quot;size&quot;:32,&quot;sizes&quot;:[]},&quot;jet_parallax_layout_type&quot;:&quot;mouse&quot;,&quot;jet_parallax_layout_bg_x&quot;:30,&quot;jet_parallax_layout_bg_y&quot;:65,&quot;_id&quot;:&quot;4679b36&quot;,&quot;jet_parallax_layout_image&quot;:{&quot;url&quot;:&quot;&quot;,&quot;id&quot;:&quot;&quot;,&quot;size&quot;:&quot;&quot;},&quot;jet_parallax_layout_image_tablet&quot;:{&quot;url&quot;:&quot;&quot;,&quot;id&quot;:&quot;&quot;,&quot;size&quot;:&quot;&quot;},&quot;jet_parallax_layout_image_mobile&quot;:{&quot;url&quot;:&quot;&quot;,&quot;id&quot;:&quot;&quot;,&quot;size&quot;:&quot;&quot;},&quot;jet_parallax_layout_direction&quot;:null,&quot;jet_parallax_layout_fx_direction&quot;:null,&quot;jet_parallax_layout_z_index&quot;:&quot;&quot;,&quot;jet_parallax_layout_bg_x_tablet&quot;:&quot;&quot;,&quot;jet_parallax_layout_bg_x_mobile&quot;:&quot;&quot;,&quot;jet_parallax_layout_bg_y_tablet&quot;:&quot;&quot;,&quot;jet_parallax_layout_bg_y_mobile&quot;:&quot;&quot;,&quot;jet_parallax_layout_bg_size&quot;:&quot;auto&quot;,&quot;jet_parallax_layout_bg_size_tablet&quot;:&quot;&quot;,&quot;jet_parallax_layout_bg_size_mobile&quot;:&quot;&quot;,&quot;jet_parallax_layout_animation_prop&quot;:&quot;transform&quot;,&quot;jet_parallax_layout_on&quot;:[&quot;desktop&quot;,&quot;tablet&quot;]}]}\">\n\t\t\t\t\t\t\t<div class=\"elementor-background-overlay\"><\/div>\n\t\t\t\t\t\t\t<div class=\"elementor-container elementor-column-gap-default\">\n\t\t\t\t\t<div class=\"elementor-column elementor-col-100 elementor-top-column elementor-element elementor-element-c70\" data-id=\"c70\" data-element_type=\"column\" data-e-type=\"column\">\n\t\t\t<div class=\"elementor-widget-wrap elementor-element-populated\">\n\t\t\t\t\t\t<div class=\"elementor-element elementor-element-5422 elementor-widget elementor-widget-spacer\" data-id=\"5422\" data-element_type=\"widget\" data-e-type=\"widget\" data-widget_type=\"spacer.default\">\n\t\t\t\t<div class=\"elementor-widget-container\">\n\t\t\t\t\t\t\t<div class=\"elementor-spacer\">\n\t\t\t<div class=\"elementor-spacer-inner\"><\/div>\n\t\t<\/div>\n\t\t\t\t\t\t<\/div>\n\t\t\t\t<\/div>\n\t\t\t\t<div class=\"elementor-element elementor-element-1f4919f elementor-invisible elementor-widget elementor-widget-heading\" data-id=\"1f4919f\" data-element_type=\"widget\" data-e-type=\"widget\" data-settings=\"{&quot;_animation&quot;:&quot;fadeInRight&quot;}\" data-widget_type=\"heading.default\">\n\t\t\t\t<div class=\"elementor-widget-container\">\n\t\t\t\t\t<h1 class=\"elementor-heading-title elementor-size-default\">Bons cadeaux<\/h1>\t\t\t\t<\/div>\n\t\t\t\t<\/div>\n\t\t\t\t<div class=\"elementor-element elementor-element-e7cb551 elementor-widget-divider--view-line elementor-invisible elementor-widget elementor-widget-divider\" data-id=\"e7cb551\" data-element_type=\"widget\" data-e-type=\"widget\" data-settings=\"{&quot;_animation&quot;:&quot;fadeInRight&quot;}\" data-widget_type=\"divider.default\">\n\t\t\t\t<div class=\"elementor-widget-container\">\n\t\t\t\t\t\t\t<div class=\"elementor-divider\">\n\t\t\t<span class=\"elementor-divider-separator\">\n\t\t\t\t\t\t<\/span>\n\t\t<\/div>\n\t\t\t\t\t\t<\/div>\n\t\t\t\t<\/div>\n\t\t\t\t<div class=\"elementor-element elementor-element-7746126 elementor-widget elementor-widget-spacer\" data-id=\"7746126\" data-element_type=\"widget\" data-e-type=\"widget\" data-widget_type=\"spacer.default\">\n\t\t\t\t<div class=\"elementor-widget-container\">\n\t\t\t\t\t\t\t<div class=\"elementor-spacer\">\n\t\t\t<div class=\"elementor-spacer-inner\"><\/div>\n\t\t<\/div>\n\t\t\t\t\t\t<\/div>\n\t\t\t\t<\/div>\n\t\t\t\t\t<\/div>\n\t\t<\/div>\n\t\t\t\t\t<\/div>\n\t\t<\/section>\n\t\t\t\t<section class=\"elementor-section elementor-top-section elementor-element elementor-element-122b4f1 elementor-section-boxed elementor-section-height-default elementor-section-height-default\" data-id=\"122b4f1\" data-element_type=\"section\" data-e-type=\"section\" id=\"experience\" data-settings=\"{&quot;jet_parallax_layout_list&quot;:[{&quot;jet_parallax_layout_image&quot;:{&quot;url&quot;:&quot;&quot;,&quot;id&quot;:&quot;&quot;,&quot;size&quot;:&quot;&quot;},&quot;_id&quot;:&quot;46c965d&quot;,&quot;jet_parallax_layout_image_tablet&quot;:{&quot;url&quot;:&quot;&quot;,&quot;id&quot;:&quot;&quot;,&quot;size&quot;:&quot;&quot;},&quot;jet_parallax_layout_image_mobile&quot;:{&quot;url&quot;:&quot;&quot;,&quot;id&quot;:&quot;&quot;,&quot;size&quot;:&quot;&quot;},&quot;jet_parallax_layout_speed&quot;:{&quot;unit&quot;:&quot;%&quot;,&quot;size&quot;:50,&quot;sizes&quot;:[]},&quot;jet_parallax_layout_type&quot;:&quot;scroll&quot;,&quot;jet_parallax_layout_direction&quot;:&quot;1&quot;,&quot;jet_parallax_layout_fx_direction&quot;:null,&quot;jet_parallax_layout_z_index&quot;:&quot;&quot;,&quot;jet_parallax_layout_bg_x&quot;:50,&quot;jet_parallax_layout_bg_x_tablet&quot;:&quot;&quot;,&quot;jet_parallax_layout_bg_x_mobile&quot;:&quot;&quot;,&quot;jet_parallax_layout_bg_y&quot;:50,&quot;jet_parallax_layout_bg_y_tablet&quot;:&quot;&quot;,&quot;jet_parallax_layout_bg_y_mobile&quot;:&quot;&quot;,&quot;jet_parallax_layout_bg_size&quot;:&quot;auto&quot;,&quot;jet_parallax_layout_bg_size_tablet&quot;:&quot;&quot;,&quot;jet_parallax_layout_bg_size_mobile&quot;:&quot;&quot;,&quot;jet_parallax_layout_animation_prop&quot;:&quot;transform&quot;,&quot;jet_parallax_layout_on&quot;:[&quot;desktop&quot;,&quot;tablet&quot;]}],&quot;background_background&quot;:&quot;classic&quot;}\">\n\t\t\t\t\t\t\t<div class=\"elementor-background-overlay\"><\/div>\n\t\t\t\t\t\t\t<div class=\"elementor-container elementor-column-gap-default\">\n\t\t\t\t\t<div class=\"elementor-column elementor-col-100 elementor-top-column elementor-element elementor-element-c6b5f04\" data-id=\"c6b5f04\" data-element_type=\"column\" data-e-type=\"column\">\n\t\t\t<div class=\"elementor-widget-wrap elementor-element-populated\">\n\t\t\t\t\t\t<div class=\"elementor-element elementor-element-2a93575 elementor-widget elementor-widget-html\" data-id=\"2a93575\" data-element_type=\"widget\" data-e-type=\"widget\" data-widget_type=\"html.default\">\n\t\t\t\t<div class=\"elementor-widget-container\">\n\t\t\t\t\t<div class=\"ubiliz-offers-widget\" data-url=\"https:\/\/app.ubiliz.com\/widget\/liste-bons\/4110\"><script src=\"https:\/\/app.ubiliz.com\/widget\/widget.js\"><\/script><\/div>\t\t\t\t<\/div>\n\t\t\t\t<\/div>\n\t\t\t\t<div class=\"elementor-element elementor-element-a49ae46 elementor-widget elementor-widget-text-editor\" data-id=\"a49ae46\" data-element_type=\"widget\" data-e-type=\"widget\" data-widget_type=\"text-editor.default\">\n\t\t\t\t<div class=\"elementor-widget-container\">\n\t\t\t\t\t\t\t\t\t<p>Offrez un bon cadeau chez K2 Outdoor situ\u00e9&nbsp;<strong>au c\u0153ur de la Haute-Savoie<\/strong> en pays du Mont-Blanc, au carrefour d\u2019Annecy, Gen\u00e8ve, Albertville, Chamb\u00e9ry et Lyon.<\/p>\t\t\t\t\t\t\t\t<\/div>\n\t\t\t\t<\/div>\n\t\t\t\t\t<\/div>\n\t\t<\/div>\n\t\t\t\t\t<\/div>\n\t\t<\/section>\n\t\t\t\t<\/div>\n\t\t","protected":false},"excerpt":{"rendered":"<p>Bons cadeaux Offrez un bon cadeau chez K2 Outdoor situ\u00e9&nbsp;au c\u0153ur de la Haute-Savoie en pays du Mont-Blanc, au carrefour d\u2019Annecy, Gen\u00e8ve, Albertville, Chamb\u00e9ry et Lyon.<\/p>","protected":false},"author":6,"featured_media":0,"parent":0,"menu_order":0,"comment_status":"closed","ping_status":"closed","template":"elementor_header_footer","meta":{"footnotes":""},"class_list":["post-2091","page","type-page","status-publish","hentry"],"yoast_head":"<!-- This site is optimized with the Yoast SEO plugin v27.5 - https:\/\/yoast.com\/product\/yoast-seo-wordpress\/ -->\n<title>Tourisme \u00e0 Annecy, lac montagnes, sport et culture Haute-Savoie<\/title>\n<meta name=\"description\" content=\"D\u00e9couvrez Annecy et les activit\u00e9s culturelles et sportives autour du lac d\u2019Annecy et les stations de ski alpines : v\u00e9lo, parapente, randonn\u00e9e, nautisme, ski, patrimoine Haute-Savoie Mont-Blanc\" \/>\n<meta name=\"robots\" content=\"index, follow, max-snippet:-1, max-image-preview:large, max-video-preview:-1\" \/>\n<link rel=\"canonical\" href=\"https:\/\/www.k2outdoor-annecy.com\/en\/bons-cadeaux\/\" \/>\n<meta property=\"og:locale\" content=\"en_GB\" \/>\n<meta property=\"og:type\" content=\"article\" \/>\n<meta property=\"og:title\" content=\"Tourisme \u00e0 Annecy, lac montagnes, sport et culture Haute-Savoie\" \/>\n<meta property=\"og:description\" content=\"D\u00e9couvrez Annecy et les activit\u00e9s culturelles et sportives autour du lac d\u2019Annecy et les stations de ski alpines : v\u00e9lo, parapente, randonn\u00e9e, nautisme, ski, patrimoine Haute-Savoie Mont-Blanc\" \/>\n<meta property=\"og:url\" content=\"https:\/\/www.k2outdoor-annecy.com\/en\/bons-cadeaux\/\" \/>\n<meta property=\"og:site_name\" content=\"K2 Outdoor\" \/>\n<meta property=\"article:modified_time\" content=\"2023-11-07T21:02:46+00:00\" \/>\n<meta name=\"twitter:card\" content=\"summary_large_image\" \/>\n<meta name=\"twitter:label1\" content=\"Estimated reading time\" \/>\n\t<meta name=\"twitter:data1\" content=\"4 minutes\" \/>\n<script type=\"application\/ld+json\" class=\"yoast-schema-graph\">{\"@context\":\"https:\\\/\\\/schema.org\",\"@graph\":[{\"@type\":\"WebPage\",\"@id\":\"https:\\\/\\\/www.k2outdoor-annecy.com\\\/bons-cadeaux\\\/\",\"url\":\"https:\\\/\\\/www.k2outdoor-annecy.com\\\/bons-cadeaux\\\/\",\"name\":\"Tourisme \u00e0 Annecy, lac montagnes, sport et culture Haute-Savoie\",\"isPartOf\":{\"@id\":\"https:\\\/\\\/www.k2outdoor-annecy.com\\\/#website\"},\"datePublished\":\"2023-11-07T21:01:29+00:00\",\"dateModified\":\"2023-11-07T21:02:46+00:00\",\"description\":\"D\u00e9couvrez Annecy et les activit\u00e9s culturelles et sportives autour du lac d\u2019Annecy et les stations de ski alpines : v\u00e9lo, parapente, randonn\u00e9e, nautisme, ski, patrimoine Haute-Savoie Mont-Blanc\",\"breadcrumb\":{\"@id\":\"https:\\\/\\\/www.k2outdoor-annecy.com\\\/bons-cadeaux\\\/#breadcrumb\"},\"inLanguage\":\"en-GB\",\"potentialAction\":[{\"@type\":\"ReadAction\",\"target\":[\"https:\\\/\\\/www.k2outdoor-annecy.com\\\/bons-cadeaux\\\/\"]}]},{\"@type\":\"BreadcrumbList\",\"@id\":\"https:\\\/\\\/www.k2outdoor-annecy.com\\\/bons-cadeaux\\\/#breadcrumb\",\"itemListElement\":[{\"@type\":\"ListItem\",\"position\":1,\"name\":\"Accueil\",\"item\":\"https:\\\/\\\/www.k2outdoor-annecy.com\\\/\"},{\"@type\":\"ListItem\",\"position\":2,\"name\":\"Bons cadeaux\"}]},{\"@type\":\"WebSite\",\"@id\":\"https:\\\/\\\/www.k2outdoor-annecy.com\\\/#website\",\"url\":\"https:\\\/\\\/www.k2outdoor-annecy.com\\\/\",\"name\":\"K2 Outdoor\",\"description\":\"Location et r\u00e9paration de v\u00e9los Doussard \\\/ Annecy et Activit\u00e9s Outdoor\",\"publisher\":{\"@id\":\"https:\\\/\\\/www.k2outdoor-annecy.com\\\/#organization\"},\"potentialAction\":[{\"@type\":\"SearchAction\",\"target\":{\"@type\":\"EntryPoint\",\"urlTemplate\":\"https:\\\/\\\/www.k2outdoor-annecy.com\\\/?s={search_term_string}\"},\"query-input\":{\"@type\":\"PropertyValueSpecification\",\"valueRequired\":true,\"valueName\":\"search_term_string\"}}],\"inLanguage\":\"en-GB\"},{\"@type\":\"Organization\",\"@id\":\"https:\\\/\\\/www.k2outdoor-annecy.com\\\/#organization\",\"name\":\"K2 Outdoor\",\"url\":\"https:\\\/\\\/www.k2outdoor-annecy.com\\\/\",\"logo\":{\"@type\":\"ImageObject\",\"inLanguage\":\"en-GB\",\"@id\":\"https:\\\/\\\/www.k2outdoor-annecy.com\\\/#\\\/schema\\\/logo\\\/image\\\/\",\"url\":\"https:\\\/\\\/www.k2outdoor-annecy.com\\\/wp-content\\\/uploads\\\/2018\\\/05\\\/Groupe-2.png\",\"contentUrl\":\"https:\\\/\\\/www.k2outdoor-annecy.com\\\/wp-content\\\/uploads\\\/2018\\\/05\\\/Groupe-2.png\",\"width\":547,\"height\":454,\"caption\":\"K2 Outdoor\"},\"image\":{\"@id\":\"https:\\\/\\\/www.k2outdoor-annecy.com\\\/#\\\/schema\\\/logo\\\/image\\\/\"}}]}<\/script>\n<!-- \/ Yoast SEO plugin. -->","yoast_head_json":{"title":"Tourisme \u00e0 Annecy, lac montagnes, sport et culture Haute-Savoie","description":"D\u00e9couvrez Annecy et les activit\u00e9s culturelles et sportives autour du lac d\u2019Annecy et les stations de ski alpines : v\u00e9lo, parapente, randonn\u00e9e, nautisme, ski, patrimoine Haute-Savoie Mont-Blanc","robots":{"index":"index","follow":"follow","max-snippet":"max-snippet:-1","max-image-preview":"max-image-preview:large","max-video-preview":"max-video-preview:-1"},"canonical":"https:\/\/www.k2outdoor-annecy.com\/en\/bons-cadeaux\/","og_locale":"en_GB","og_type":"article","og_title":"Tourisme \u00e0 Annecy, lac montagnes, sport et culture Haute-Savoie","og_description":"D\u00e9couvrez Annecy et les activit\u00e9s culturelles et sportives autour du lac d\u2019Annecy et les stations de ski alpines : v\u00e9lo, parapente, randonn\u00e9e, nautisme, ski, patrimoine Haute-Savoie Mont-Blanc","og_url":"https:\/\/www.k2outdoor-annecy.com\/en\/bons-cadeaux\/","og_site_name":"K2 Outdoor","article_modified_time":"2023-11-07T21:02:46+00:00","twitter_card":"summary_large_image","twitter_misc":{"Estimated reading time":"4 minutes"},"schema":{"@context":"https:\/\/schema.org","@graph":[{"@type":"WebPage","@id":"https:\/\/www.k2outdoor-annecy.com\/bons-cadeaux\/","url":"https:\/\/www.k2outdoor-annecy.com\/bons-cadeaux\/","name":"Tourisme \u00e0 Annecy, lac montagnes, sport et culture Haute-Savoie","isPartOf":{"@id":"https:\/\/www.k2outdoor-annecy.com\/#website"},"datePublished":"2023-11-07T21:01:29+00:00","dateModified":"2023-11-07T21:02:46+00:00","description":"D\u00e9couvrez Annecy et les activit\u00e9s culturelles et sportives autour du lac d\u2019Annecy et les stations de ski alpines : v\u00e9lo, parapente, randonn\u00e9e, nautisme, ski, patrimoine Haute-Savoie Mont-Blanc","breadcrumb":{"@id":"https:\/\/www.k2outdoor-annecy.com\/bons-cadeaux\/#breadcrumb"},"inLanguage":"en-GB","potentialAction":[{"@type":"ReadAction","target":["https:\/\/www.k2outdoor-annecy.com\/bons-cadeaux\/"]}]},{"@type":"BreadcrumbList","@id":"https:\/\/www.k2outdoor-annecy.com\/bons-cadeaux\/#breadcrumb","itemListElement":[{"@type":"ListItem","position":1,"name":"Accueil","item":"https:\/\/www.k2outdoor-annecy.com\/"},{"@type":"ListItem","position":2,"name":"Bons cadeaux"}]},{"@type":"WebSite","@id":"https:\/\/www.k2outdoor-annecy.com\/#website","url":"https:\/\/www.k2outdoor-annecy.com\/","name":"K2 Outdoor","description":"Location et r\u00e9paration de v\u00e9los Doussard \/ Annecy et Activit\u00e9s Outdoor","publisher":{"@id":"https:\/\/www.k2outdoor-annecy.com\/#organization"},"potentialAction":[{"@type":"SearchAction","target":{"@type":"EntryPoint","urlTemplate":"https:\/\/www.k2outdoor-annecy.com\/?s={search_term_string}"},"query-input":{"@type":"PropertyValueSpecification","valueRequired":true,"valueName":"search_term_string"}}],"inLanguage":"en-GB"},{"@type":"Organization","@id":"https:\/\/www.k2outdoor-annecy.com\/#organization","name":"K2 Outdoor","url":"https:\/\/www.k2outdoor-annecy.com\/","logo":{"@type":"ImageObject","inLanguage":"en-GB","@id":"https:\/\/www.k2outdoor-annecy.com\/#\/schema\/logo\/image\/","url":"https:\/\/www.k2outdoor-annecy.com\/wp-content\/uploads\/2018\/05\/Groupe-2.png","contentUrl":"https:\/\/www.k2outdoor-annecy.com\/wp-content\/uploads\/2018\/05\/Groupe-2.png","width":547,"height":454,"caption":"K2 Outdoor"},"image":{"@id":"https:\/\/www.k2outdoor-annecy.com\/#\/schema\/logo\/image\/"}}]}},"_links":{"self":[{"href":"https:\/\/www.k2outdoor-annecy.com\/en\/wp-json\/wp\/v2\/pages\/2091","targetHints":{"allow":["GET"]}}],"collection":[{"href":"https:\/\/www.k2outdoor-annecy.com\/en\/wp-json\/wp\/v2\/pages"}],"about":[{"href":"https:\/\/www.k2outdoor-annecy.com\/en\/wp-json\/wp\/v2\/types\/page"}],"author":[{"embeddable":true,"href":"https:\/\/www.k2outdoor-annecy.com\/en\/wp-json\/wp\/v2\/users\/6"}],"replies":[{"embeddable":true,"href":"https:\/\/www.k2outdoor-annecy.com\/en\/wp-json\/wp\/v2\/comments?post=2091"}],"version-history":[{"count":5,"href":"https:\/\/www.k2outdoor-annecy.com\/en\/wp-json\/wp\/v2\/pages\/2091\/revisions"}],"predecessor-version":[{"id":2096,"href":"https:\/\/www.k2outdoor-annecy.com\/en\/wp-json\/wp\/v2\/pages\/2091\/revisions\/2096"}],"wp:attachment":[{"href":"https:\/\/www.k2outdoor-annecy.com\/en\/wp-json\/wp\/v2\/media?parent=2091"}],"curies":[{"name":"wp","href":"https:\/\/api.w.org\/{rel}","templated":true}]}}